{"id":488,"date":"2019-05-07T16:23:18","date_gmt":"2019-05-07T15:23:18","guid":{"rendered":"http:\/\/devtest.twido.be\/?page_id=488"},"modified":"2020-12-09T06:10:06","modified_gmt":"2020-12-09T05:10:06","slug":"who","status":"publish","type":"page","link":"https:\/\/www.twido.be\/fr\/who\/","title":{"rendered":"Who"},"content":{"rendered":"\t\t<div data-elementor-type=\"wp-post\" data-elementor-id=\"488\" class=\"elementor elementor-488\" data-elementor-post-type=\"page\">\n\t\t\t\t\t\t<section class=\"elementor-section elementor-top-section elementor-element elementor-element-0d71aab elementor-section-boxed elementor-section-height-default elementor-section-height-default\" data-id=\"0d71aab\" data-element_type=\"section\" data-e-type=\"section\">\n\t\t\t\t\t\t<div class=\"elementor-container elementor-column-gap-default\">\n\t\t\t\t\t<div class=\"elementor-column elementor-col-33 elementor-top-column elementor-element elementor-element-b6fef42\" data-id=\"b6fef42\" data-element_type=\"column\" data-e-type=\"column\">\n\t\t\t<div class=\"elementor-widget-wrap elementor-element-populated\">\n\t\t\t\t\t\t<div class=\"elementor-element elementor-element-0cfbe5a elementor-hidden-phone elementor-widget elementor-widget-image\" data-id=\"0cfbe5a\" data-element_type=\"widget\" data-e-type=\"widget\" data-widget_type=\"image.default\">\n\t\t\t\t<div class=\"elementor-widget-container\">\n\t\t\t\t\t\t\t\t\t\t\t\t\t\t\t<img fetchpriority=\"high\" decoding=\"async\" width=\"498\" height=\"313\" src=\"https:\/\/www.twido.be\/wp-content\/uploads\/2019\/05\/blindage-cable-ethernet.png\" class=\"attachment-full size-full wp-image-585\" alt=\"\" srcset=\"https:\/\/www.twido.be\/wp-content\/uploads\/2019\/05\/blindage-cable-ethernet.png 498w, https:\/\/www.twido.be\/wp-content\/uploads\/2019\/05\/blindage-cable-ethernet-300x189.png 300w\" sizes=\"(max-width: 498px) 100vw, 498px\" \/>\t\t\t\t\t\t\t\t\t\t\t\t\t\t\t<\/div>\n\t\t\t\t<\/div>\n\t\t\t\t\t<\/div>\n\t\t<\/div>\n\t\t\t\t<div class=\"elementor-column elementor-col-66 elementor-top-column elementor-element elementor-element-d541f4c\" data-id=\"d541f4c\" data-element_type=\"column\" data-e-type=\"column\">\n\t\t\t<div class=\"elementor-widget-wrap elementor-element-populated\">\n\t\t\t\t\t\t<div class=\"elementor-element elementor-element-df1d89b elementor-widget elementor-widget-text-editor\" data-id=\"df1d89b\" data-element_type=\"widget\" data-e-type=\"widget\" data-widget_type=\"text-editor.default\">\n\t\t\t\t<div class=\"elementor-widget-container\">\n\t\t\t\t\t\t\t\t\t<p>Today, we all live in a world where being connected is even more important than natural needs.<\/p><p>The technology is constantly evolving and it becomes difficult for you to stay informed and up to date on this perpetual evolution. We are your solution! Whether you are an independent, an SME or a multi-national, at the end, you all have one thing in common: to be at the service of your customer by using the tools that suit you! <br \/>The infrastructure and technique will vary according to your needs, but our service remains the same. Our profession is a passion that grows over the years. We are faced with an ongoing challenge, that of remaining informed of new techniques and being able to make use of them adapted to the demand of our customers.<\/p><p>Our mission is to provide you with \u201cTHE\u201d service and ensure that your IT tool meets your current and future needs and expectations. We remain a company of human size, accessible and available to our customers and thanks to our extensive knowledge, we are able to offer you a complete and tailor-made service. For each of our proposed services, we also guarantee a backup system.<\/p><p><\/p>\t\t\t\t\t\t\t\t<\/div>\n\t\t\t\t<\/div>\n\t\t\t\t\t<\/div>\n\t\t<\/div>\n\t\t\t\t\t<\/div>\n\t\t<\/section>\n\t\t\t\t<\/div>\n\t\t","protected":false},"excerpt":{"rendered":"<p>Nous vivons tous aujourd\u2019hui dans un monde ou \u00eatre connect\u00e9 est primordiale, encore plus que les besoins naturels. La technologie \u00e9volue sans cesse et il devient difficile pour vous de &#8230;<\/p>\n","protected":false},"author":1,"featured_media":0,"parent":0,"menu_order":0,"comment_status":"closed","ping_status":"closed","template":"template-fullwidth.php","meta":{"_monsterinsights_skip_tracking":false,"_monsterinsights_sitenote_active":false,"_monsterinsights_sitenote_note":"","_monsterinsights_sitenote_category":0,"footnotes":""},"class_list":["post-488","page","type-page","status-publish","hentry"],"_links":{"self":[{"href":"https:\/\/www.twido.be\/fr\/wp-json\/wp\/v2\/pages\/488","targetHints":{"allow":["GET"]}}],"collection":[{"href":"https:\/\/www.twido.be\/fr\/wp-json\/wp\/v2\/pages"}],"about":[{"href":"https:\/\/www.twido.be\/fr\/wp-json\/wp\/v2\/types\/page"}],"author":[{"embeddable":true,"href":"https:\/\/www.twido.be\/fr\/wp-json\/wp\/v2\/users\/1"}],"replies":[{"embeddable":true,"href":"https:\/\/www.twido.be\/fr\/wp-json\/wp\/v2\/comments?post=488"}],"version-history":[{"count":29,"href":"https:\/\/www.twido.be\/fr\/wp-json\/wp\/v2\/pages\/488\/revisions"}],"predecessor-version":[{"id":595,"href":"https:\/\/www.twido.be\/fr\/wp-json\/wp\/v2\/pages\/488\/revisions\/595"}],"wp:attachment":[{"href":"https:\/\/www.twido.be\/fr\/wp-json\/wp\/v2\/media?parent=488"}],"curies":[{"name":"wp","href":"https:\/\/api.w.org\/{rel}","templated":true}]}}